{"id":1784,"date":"2025-11-27T16:37:07","date_gmt":"2025-11-27T16:37:07","guid":{"rendered":"https:\/\/www.ahimsanonviolence.fr\/?post_type=product&#038;p=1784"},"modified":"2025-11-27T16:37:07","modified_gmt":"2025-11-27T16:37:07","slug":"go-ahead-fanzine-5","status":"publish","type":"product","link":"https:\/\/www.ahimsanonviolence.fr\/en\/product\/go-ahead-fanzine-5\/","title":{"rendered":"Go Ahead! Fanzine #5"},"content":{"rendered":"<p data-start=\"114\" data-end=\"398\">Packed with exclusive interviews featuring <strong data-start=\"178\" data-end=\"241\">Shelter, Life Force, Destroy Babylon, Lifelike et Supersoul<\/strong>. Enjoy live reports and a deep dive into the \"Litany Against Fear\" from Dune in a special column. <strong data-start=\"321\" data-end=\"349\">\u201cLitanie contre la Peur\u201d<\/strong> Every page bursts with positive, spiritually inspired content, crafted with a raw DIY, independent cut\u2019and\u2019paste aesthetic. <em data-start=\"353\" data-end=\"359\">Dune.<\/em><\/p>\n<p data-start=\"114\" data-end=\"398\">108% positive, spiritually driven attitude<br data-start=\"734\" data-end=\"737\" \/>Handmade cut\u2019n\u2019paste layout<br>\n\nLimited to 192 hand-numbered copies<\/p>","protected":false},"excerpt":{"rendered":"<p>Ce num\u00e9ro est encore r\u00e9dig\u00e9 tout en anglais, avec des interviews exclusives de Shelter, Life Force, Destroy Babylon, Lifelike et Supersoul. Retrouvez \u00e9galement des r\u00e9cits de concerts et un commentaire bas\u00e9 sur la philosophie v\u00e9dique de la \u201cLitanie contre la Peur\u201d issu de l&rsquo;univers fantastique de Dune. Mise en page artisanale, fait \u00e0 la main\u00c9dition [&hellip;]<\/p>","protected":false},"featured_media":1785,"comment_status":"open","ping_status":"closed","template":"","meta":{"ocean_post_layout":"","ocean_both_sidebars_style":"","ocean_both_sidebars_content_width":0,"ocean_both_sidebars_sidebars_width":0,"ocean_sidebar":"0","ocean_second_sidebar":"0","ocean_disable_margins":"enable","ocean_add_body_class":"","ocean_shortcode_before_top_bar":"","ocean_shortcode_after_top_bar":"","ocean_shortcode_before_header":"","ocean_shortcode_after_header":"","ocean_has_shortcode":"","ocean_shortcode_after_title":"","ocean_shortcode_before_footer_widgets":"","ocean_shortcode_after_footer_widgets":"","ocean_shortcode_before_footer_bottom":"","ocean_shortcode_after_footer_bottom":"","ocean_display_top_bar":"default","ocean_display_header":"default","ocean_header_style":"","ocean_center_header_left_menu":"0","ocean_custom_header_template":"0","ocean_custom_logo":0,"ocean_custom_retina_logo":0,"ocean_custom_logo_max_width":0,"ocean_custom_logo_tablet_max_width":0,"ocean_custom_logo_mobile_max_width":0,"ocean_custom_logo_max_height":0,"ocean_custom_logo_tablet_max_height":0,"ocean_custom_logo_mobile_max_height":0,"ocean_header_custom_menu":"0","ocean_menu_typo_font_family":"0","ocean_menu_typo_font_subset":"","ocean_menu_typo_font_size":0,"ocean_menu_typo_font_size_tablet":0,"ocean_menu_typo_font_size_mobile":0,"ocean_menu_typo_font_size_unit":"px","ocean_menu_typo_font_weight":"","ocean_menu_typo_font_weight_tablet":"","ocean_menu_typo_font_weight_mobile":"","ocean_menu_typo_transform":"","ocean_menu_typo_transform_tablet":"","ocean_menu_typo_transform_mobile":"","ocean_menu_typo_line_height":0,"ocean_menu_typo_line_height_tablet":0,"ocean_menu_typo_line_height_mobile":0,"ocean_menu_typo_line_height_unit":"","ocean_menu_typo_spacing":0,"ocean_menu_typo_spacing_tablet":0,"ocean_menu_typo_spacing_mobile":0,"ocean_menu_typo_spacing_unit":"","ocean_menu_link_color":"","ocean_menu_link_color_hover":"","ocean_menu_link_color_active":"","ocean_menu_link_background":"","ocean_menu_link_hover_background":"","ocean_menu_link_active_background":"","ocean_menu_social_links_bg":"","ocean_menu_social_hover_links_bg":"","ocean_menu_social_links_color":"","ocean_menu_social_hover_links_color":"","ocean_disable_title":"default","ocean_disable_heading":"default","ocean_post_title":"","ocean_post_subheading":"","ocean_post_title_style":"","ocean_post_title_background_color":"","ocean_post_title_background":0,"ocean_post_title_bg_image_position":"","ocean_post_title_bg_image_attachment":"","ocean_post_title_bg_image_repeat":"","ocean_post_title_bg_image_size":"","ocean_post_title_height":0,"ocean_post_title_bg_overlay":0.5,"ocean_post_title_bg_overlay_color":"","ocean_disable_breadcrumbs":"default","ocean_breadcrumbs_color":"","ocean_breadcrumbs_separator_color":"","ocean_breadcrumbs_links_color":"","ocean_breadcrumbs_links_hover_color":"","ocean_display_footer_widgets":"default","ocean_display_footer_bottom":"default","ocean_custom_footer_template":"0"},"product_brand":[],"product_cat":[20],"product_tag":[],"class_list":{"0":"post-1784","1":"product","2":"type-product","3":"status-publish","4":"has-post-thumbnail","6":"product_cat-lecture","8":"entry","9":"has-media","11":"first","12":"instock","13":"shipping-taxable","14":"purchasable","15":"product-type-simple","16":"has-product-nav","17":"col","18":"span_1_of_3","19":"owp-content-center","20":"owp-thumbs-layout-horizontal","21":"owp-btn-normal","22":"owp-tabs-layout-horizontal"},"yoast_head":"<!-- This site is optimized with the Yoast SEO plugin v27.5 - https:\/\/yoast.com\/product\/yoast-seo-wordpress\/ -->\n<title>Go Ahead! Fanzine #5 - Ahimsa Non-Violence<\/title>\n<meta name=\"description\" content=\"Fanzine Go Ahead! DIY layout with interview of Shelter, Lifeforce, Supersoul, Destroy Babylon, Lifelike. PMA punk rock hardocre krsnacore\" \/>\n<meta name=\"robots\" content=\"index, follow, max-snippet:-1, max-image-preview:large, max-video-preview:-1\" \/>\n<link rel=\"canonical\" href=\"https:\/\/www.ahimsanonviolence.fr\/en\/product\/go-ahead-fanzine-5\/\" \/>\n<meta property=\"og:locale\" content=\"en_US\" \/>\n<meta property=\"og:type\" content=\"article\" \/>\n<meta property=\"og:title\" content=\"Go Ahead! Fanzine #5 - Ahimsa Non-Violence\" \/>\n<meta property=\"og:description\" content=\"Fanzine Go Ahead! DIY layout with interview of Shelter, Lifeforce, Supersoul, Destroy Babylon, Lifelike. PMA punk rock hardocre krsnacore\" \/>\n<meta property=\"og:url\" content=\"https:\/\/www.ahimsanonviolence.fr\/en\/product\/go-ahead-fanzine-5\/\" \/>\n<meta property=\"og:site_name\" content=\"Ahimsa Non-Violence\" \/>\n<meta property=\"og:image\" content=\"https:\/\/www.ahimsanonviolence.fr\/wp-content\/uploads\/2025\/11\/01.jpg\" \/>\n\t<meta property=\"og:image:width\" content=\"1536\" \/>\n\t<meta property=\"og:image:height\" content=\"1536\" \/>\n\t<meta property=\"og:image:type\" content=\"image\/jpeg\" \/>\n<meta name=\"twitter:card\" content=\"summary_large_image\" \/>\n<meta name=\"twitter:label1\" content=\"Est. reading time\" \/>\n\t<meta name=\"twitter:data1\" content=\"1 minute\" \/>\n<script type=\"application\/ld+json\" class=\"yoast-schema-graph\">{\"@context\":\"https:\\\/\\\/schema.org\",\"@graph\":[{\"@type\":\"WebPage\",\"@id\":\"https:\\\/\\\/www.ahimsanonviolence.fr\\\/produit\\\/go-ahead-fanzine-5\\\/\",\"url\":\"https:\\\/\\\/www.ahimsanonviolence.fr\\\/produit\\\/go-ahead-fanzine-5\\\/\",\"name\":\"Go Ahead! Fanzine #5 - Ahimsa Non-Violence\",\"isPartOf\":{\"@id\":\"https:\\\/\\\/www.ahimsanonviolence.fr\\\/#website\"},\"primaryImageOfPage\":{\"@id\":\"https:\\\/\\\/www.ahimsanonviolence.fr\\\/produit\\\/go-ahead-fanzine-5\\\/#primaryimage\"},\"image\":{\"@id\":\"https:\\\/\\\/www.ahimsanonviolence.fr\\\/produit\\\/go-ahead-fanzine-5\\\/#primaryimage\"},\"thumbnailUrl\":\"https:\\\/\\\/www.ahimsanonviolence.fr\\\/wp-content\\\/uploads\\\/2025\\\/11\\\/01.jpg\",\"datePublished\":\"2025-11-27T16:37:07+00:00\",\"description\":\"Fanzine Go Ahead! DIY layout with interview of Shelter, Lifeforce, Supersoul, Destroy Babylon, Lifelike. PMA punk rock hardocre krsnacore\",\"breadcrumb\":{\"@id\":\"https:\\\/\\\/www.ahimsanonviolence.fr\\\/produit\\\/go-ahead-fanzine-5\\\/#breadcrumb\"},\"inLanguage\":\"en-US\",\"potentialAction\":[{\"@type\":\"ReadAction\",\"target\":[\"https:\\\/\\\/www.ahimsanonviolence.fr\\\/produit\\\/go-ahead-fanzine-5\\\/\"]}]},{\"@type\":\"ImageObject\",\"inLanguage\":\"en-US\",\"@id\":\"https:\\\/\\\/www.ahimsanonviolence.fr\\\/produit\\\/go-ahead-fanzine-5\\\/#primaryimage\",\"url\":\"https:\\\/\\\/www.ahimsanonviolence.fr\\\/wp-content\\\/uploads\\\/2025\\\/11\\\/01.jpg\",\"contentUrl\":\"https:\\\/\\\/www.ahimsanonviolence.fr\\\/wp-content\\\/uploads\\\/2025\\\/11\\\/01.jpg\",\"width\":1536,\"height\":1536},{\"@type\":\"BreadcrumbList\",\"@id\":\"https:\\\/\\\/www.ahimsanonviolence.fr\\\/produit\\\/go-ahead-fanzine-5\\\/#breadcrumb\",\"itemListElement\":[{\"@type\":\"ListItem\",\"position\":1,\"name\":\"Accueil\",\"item\":\"https:\\\/\\\/www.ahimsanonviolence.fr\\\/\"},{\"@type\":\"ListItem\",\"position\":2,\"name\":\"Boutique\",\"item\":\"https:\\\/\\\/www.ahimsanonviolence.fr\\\/boutique\\\/\"},{\"@type\":\"ListItem\",\"position\":3,\"name\":\"Go Ahead! Fanzine #5\"}]},{\"@type\":\"WebSite\",\"@id\":\"https:\\\/\\\/www.ahimsanonviolence.fr\\\/#website\",\"url\":\"https:\\\/\\\/www.ahimsanonviolence.fr\\\/\",\"name\":\"Ahimsa Non-Violence\",\"description\":\"Une sagesse pour le monde\",\"publisher\":{\"@id\":\"https:\\\/\\\/www.ahimsanonviolence.fr\\\/#organization\"},\"potentialAction\":[{\"@type\":\"SearchAction\",\"target\":{\"@type\":\"EntryPoint\",\"urlTemplate\":\"https:\\\/\\\/www.ahimsanonviolence.fr\\\/?s={search_term_string}\"},\"query-input\":{\"@type\":\"PropertyValueSpecification\",\"valueRequired\":true,\"valueName\":\"search_term_string\"}}],\"inLanguage\":\"en-US\"},{\"@type\":\"Organization\",\"@id\":\"https:\\\/\\\/www.ahimsanonviolence.fr\\\/#organization\",\"name\":\"Ahimsa Non-Violence\",\"url\":\"https:\\\/\\\/www.ahimsanonviolence.fr\\\/\",\"logo\":{\"@type\":\"ImageObject\",\"inLanguage\":\"en-US\",\"@id\":\"https:\\\/\\\/www.ahimsanonviolence.fr\\\/#\\\/schema\\\/logo\\\/image\\\/\",\"url\":\"https:\\\/\\\/www.ahimsanonviolence.fr\\\/wp-content\\\/uploads\\\/2024\\\/03\\\/cropped-cropped-cropped-Ahimsa-logo-png-2.png\",\"contentUrl\":\"https:\\\/\\\/www.ahimsanonviolence.fr\\\/wp-content\\\/uploads\\\/2024\\\/03\\\/cropped-cropped-cropped-Ahimsa-logo-png-2.png\",\"width\":1998,\"height\":745,\"caption\":\"Ahimsa Non-Violence\"},\"image\":{\"@id\":\"https:\\\/\\\/www.ahimsanonviolence.fr\\\/#\\\/schema\\\/logo\\\/image\\\/\"}}]}<\/script>\n<!-- \/ Yoast SEO plugin. -->","yoast_head_json":{"title":"Go Ahead! Fanzine #5 - Ahimsa Non-Violence","description":"Fanzine Go Ahead! DIY layout with interview of Shelter, Lifeforce, Supersoul, Destroy Babylon, Lifelike. PMA punk rock hardocre krsnacore","robots":{"index":"index","follow":"follow","max-snippet":"max-snippet:-1","max-image-preview":"max-image-preview:large","max-video-preview":"max-video-preview:-1"},"canonical":"https:\/\/www.ahimsanonviolence.fr\/en\/product\/go-ahead-fanzine-5\/","og_locale":"en_US","og_type":"article","og_title":"Go Ahead! Fanzine #5 - Ahimsa Non-Violence","og_description":"Fanzine Go Ahead! DIY layout with interview of Shelter, Lifeforce, Supersoul, Destroy Babylon, Lifelike. PMA punk rock hardocre krsnacore","og_url":"https:\/\/www.ahimsanonviolence.fr\/en\/product\/go-ahead-fanzine-5\/","og_site_name":"Ahimsa Non-Violence","og_image":[{"width":1536,"height":1536,"url":"https:\/\/www.ahimsanonviolence.fr\/wp-content\/uploads\/2025\/11\/01.jpg","type":"image\/jpeg"}],"twitter_card":"summary_large_image","twitter_misc":{"Est. reading time":"1 minute"},"schema":{"@context":"https:\/\/schema.org","@graph":[{"@type":"WebPage","@id":"https:\/\/www.ahimsanonviolence.fr\/produit\/go-ahead-fanzine-5\/","url":"https:\/\/www.ahimsanonviolence.fr\/produit\/go-ahead-fanzine-5\/","name":"Go Ahead! Fanzine #5 - Ahimsa Non-Violence","isPartOf":{"@id":"https:\/\/www.ahimsanonviolence.fr\/#website"},"primaryImageOfPage":{"@id":"https:\/\/www.ahimsanonviolence.fr\/produit\/go-ahead-fanzine-5\/#primaryimage"},"image":{"@id":"https:\/\/www.ahimsanonviolence.fr\/produit\/go-ahead-fanzine-5\/#primaryimage"},"thumbnailUrl":"https:\/\/www.ahimsanonviolence.fr\/wp-content\/uploads\/2025\/11\/01.jpg","datePublished":"2025-11-27T16:37:07+00:00","description":"Fanzine Go Ahead! DIY layout with interview of Shelter, Lifeforce, Supersoul, Destroy Babylon, Lifelike. PMA punk rock hardocre krsnacore","breadcrumb":{"@id":"https:\/\/www.ahimsanonviolence.fr\/produit\/go-ahead-fanzine-5\/#breadcrumb"},"inLanguage":"en-US","potentialAction":[{"@type":"ReadAction","target":["https:\/\/www.ahimsanonviolence.fr\/produit\/go-ahead-fanzine-5\/"]}]},{"@type":"ImageObject","inLanguage":"en-US","@id":"https:\/\/www.ahimsanonviolence.fr\/produit\/go-ahead-fanzine-5\/#primaryimage","url":"https:\/\/www.ahimsanonviolence.fr\/wp-content\/uploads\/2025\/11\/01.jpg","contentUrl":"https:\/\/www.ahimsanonviolence.fr\/wp-content\/uploads\/2025\/11\/01.jpg","width":1536,"height":1536},{"@type":"BreadcrumbList","@id":"https:\/\/www.ahimsanonviolence.fr\/produit\/go-ahead-fanzine-5\/#breadcrumb","itemListElement":[{"@type":"ListItem","position":1,"name":"Accueil","item":"https:\/\/www.ahimsanonviolence.fr\/"},{"@type":"ListItem","position":2,"name":"Boutique","item":"https:\/\/www.ahimsanonviolence.fr\/boutique\/"},{"@type":"ListItem","position":3,"name":"Go Ahead! Fanzine #5"}]},{"@type":"WebSite","@id":"https:\/\/www.ahimsanonviolence.fr\/#website","url":"https:\/\/www.ahimsanonviolence.fr\/","name":"Ahimsa Non-Violence","description":"Une sagesse pour le monde","publisher":{"@id":"https:\/\/www.ahimsanonviolence.fr\/#organization"},"potentialAction":[{"@type":"SearchAction","target":{"@type":"EntryPoint","urlTemplate":"https:\/\/www.ahimsanonviolence.fr\/?s={search_term_string}"},"query-input":{"@type":"PropertyValueSpecification","valueRequired":true,"valueName":"search_term_string"}}],"inLanguage":"en-US"},{"@type":"Organization","@id":"https:\/\/www.ahimsanonviolence.fr\/#organization","name":"Ahimsa Non-Violence","url":"https:\/\/www.ahimsanonviolence.fr\/","logo":{"@type":"ImageObject","inLanguage":"en-US","@id":"https:\/\/www.ahimsanonviolence.fr\/#\/schema\/logo\/image\/","url":"https:\/\/www.ahimsanonviolence.fr\/wp-content\/uploads\/2024\/03\/cropped-cropped-cropped-Ahimsa-logo-png-2.png","contentUrl":"https:\/\/www.ahimsanonviolence.fr\/wp-content\/uploads\/2024\/03\/cropped-cropped-cropped-Ahimsa-logo-png-2.png","width":1998,"height":745,"caption":"Ahimsa Non-Violence"},"image":{"@id":"https:\/\/www.ahimsanonviolence.fr\/#\/schema\/logo\/image\/"}}]}},"_links":{"self":[{"href":"https:\/\/www.ahimsanonviolence.fr\/en\/wp-json\/wp\/v2\/product\/1784","targetHints":{"allow":["GET"]}}],"collection":[{"href":"https:\/\/www.ahimsanonviolence.fr\/en\/wp-json\/wp\/v2\/product"}],"about":[{"href":"https:\/\/www.ahimsanonviolence.fr\/en\/wp-json\/wp\/v2\/types\/product"}],"replies":[{"embeddable":true,"href":"https:\/\/www.ahimsanonviolence.fr\/en\/wp-json\/wp\/v2\/comments?post=1784"}],"wp:featuredmedia":[{"embeddable":true,"href":"https:\/\/www.ahimsanonviolence.fr\/en\/wp-json\/wp\/v2\/media\/1785"}],"wp:attachment":[{"href":"https:\/\/www.ahimsanonviolence.fr\/en\/wp-json\/wp\/v2\/media?parent=1784"}],"wp:term":[{"taxonomy":"product_brand","embeddable":true,"href":"https:\/\/www.ahimsanonviolence.fr\/en\/wp-json\/wp\/v2\/product_brand?post=1784"},{"taxonomy":"product_cat","embeddable":true,"href":"https:\/\/www.ahimsanonviolence.fr\/en\/wp-json\/wp\/v2\/product_cat?post=1784"},{"taxonomy":"product_tag","embeddable":true,"href":"https:\/\/www.ahimsanonviolence.fr\/en\/wp-json\/wp\/v2\/product_tag?post=1784"}],"curies":[{"name":"wp","href":"https:\/\/api.w.org\/{rel}","templated":true}]}}